{"id":2,"date":"2022-11-11T20:19:11","date_gmt":"2022-11-11T20:19:11","guid":{"rendered":"http:\/\/luminosmart.es\/?page_id=2"},"modified":"2024-09-11T12:21:12","modified_gmt":"2024-09-11T12:21:12","slug":"sample-page","status":"publish","type":"page","link":"https:\/\/luminosmart.es\/?page_id=2","title":{"rendered":"Sample Page"},"content":{"rendered":"\t\t<div data-elementor-type=\"wp-page\" data-elementor-id=\"2\" class=\"elementor elementor-2\">\n\t\t\t\t<div class=\"elementor-element elementor-element-19905e1 e-con-full e-flex e-con e-parent\" data-id=\"19905e1\" data-element_type=\"container\">\n\t\t\t\t<div class=\"elementor-element elementor-element-ff652d2 elementor-widget elementor-widget-text-editor\" data-id=\"ff652d2\" data-element_type=\"widget\" data-widget_type=\"text-editor.default\">\n\t\t\t\t<div class=\"elementor-widget-container\">\n\t\t\t<style>\/*! elementor - v3.23.0 - 05-08-2024 *\/\n.elementor-widget-text-editor.elementor-drop-cap-view-stacked .elementor-drop-cap{background-color:#69727d;color:#fff}.elementor-widget-text-editor.elementor-drop-cap-view-framed .elementor-drop-cap{color:#69727d;border:3px solid;background-color:transparent}.elementor-widget-text-editor:not(.elementor-drop-cap-view-default) .elementor-drop-cap{margin-top:8px}.elementor-widget-text-editor:not(.elementor-drop-cap-view-default) .elementor-drop-cap-letter{width:1em;height:1em}.elementor-widget-text-editor .elementor-drop-cap{float:left;text-align:center;line-height:1;font-size:50px}.elementor-widget-text-editor .elementor-drop-cap-letter{display:inline-block}<\/style>\t\t\t\t<p>Lumino Smart es m\u00e1s que un simple fabricante de conmutadores Ethernet; Somos un catalizador para un cambio positivo en el panorama tecnol\u00f3gico global. Nuestro compromiso con la innovaci\u00f3n, la sostenibilidad y las pr\u00e1cticas \u00e9ticas nos impulsa a crear productos que no solo satisfagan las demandas de las redes actuales sino que tambi\u00e9n contribuyan a un futuro mejor<\/p>\t\t\t\t\t\t<\/div>\n\t\t\t\t<\/div>\n\t\t\t\t<div class=\"elementor-element elementor-element-eaa20e2 elementor-widget elementor-widget-heading\" data-id=\"eaa20e2\" data-element_type=\"widget\" data-widget_type=\"heading.default\">\n\t\t\t\t<div class=\"elementor-widget-container\">\n\t\t\t<style>\/*! elementor - v3.23.0 - 05-08-2024 *\/\n.elementor-heading-title{padding:0;margin:0;line-height:1}.elementor-widget-heading .elementor-heading-title[class*=elementor-size-]>a{color:inherit;font-size:inherit;line-height:inherit}.elementor-widget-heading .elementor-heading-title.elementor-size-small{font-size:15px}.elementor-widget-heading .elementor-heading-title.elementor-size-medium{font-size:19px}.elementor-widget-heading .elementor-heading-title.elementor-size-large{font-size:29px}.elementor-widget-heading .elementor-heading-title.elementor-size-xl{font-size:39px}.elementor-widget-heading .elementor-heading-title.elementor-size-xxl{font-size:59px}<\/style><h4 class=\"elementor-heading-title elementor-size-default\">Lo que tendr\u00e1s en Lumino smart:<\/h4>\t\t<\/div>\n\t\t\t\t<\/div>\n\t\t\t\t<div class=\"elementor-element elementor-element-7fc75ff elementor-widget elementor-widget-text-editor\" data-id=\"7fc75ff\" data-element_type=\"widget\" data-widget_type=\"text-editor.default\">\n\t\t\t\t<div class=\"elementor-widget-container\">\n\t\t\t\t\t\t\t<p><strong>buena calidad:<\/strong> Calidad de hardware, arte y precisi\u00f3n en el dise\u00f1o y selecci\u00f3n de piezas.<br \/><strong>Producci\u00f3n exclusiva:<\/strong> En Lumino podemos adaptar nuestros productos a tu petici\u00f3n o crear un nuevo producto solo para ti.<br \/><strong>Red confiable<\/strong>: Una red de comunicaci\u00f3n confiable, con hardware y software de alta calidad y servicios de soporte a nivel de fabricante.<\/p>\t\t\t\t\t\t<\/div>\n\t\t\t\t<\/div>\n\t\t\t\t<div class=\"elementor-element elementor-element-72c96c4 elementor-widget elementor-widget-heading\" data-id=\"72c96c4\" data-element_type=\"widget\" data-widget_type=\"heading.default\">\n\t\t\t\t<div class=\"elementor-widget-container\">\n\t\t\t<h4 class=\"elementor-heading-title elementor-size-default\">\u00c1reas de actividad\n<\/h4>\t\t<\/div>\n\t\t\t\t<\/div>\n\t\t\t\t<div class=\"elementor-element elementor-element-5337952 elementor-widget elementor-widget-text-editor\" data-id=\"5337952\" data-element_type=\"widget\" data-widget_type=\"text-editor.default\">\n\t\t\t\t<div class=\"elementor-widget-container\">\n\t\t\t\t\t\t\t<p><strong>conmutador ethernet:<\/strong> Se especializa en el dise\u00f1o y fabricaci\u00f3n de conmutadores Ethernet de capa 2 de alto rendimiento. Estos conmutadores son componentes esenciales de la infraestructura de red y proporcionan la base para una comunicaci\u00f3n de datos confiable y eficiente.<\/p>\t\t\t\t\t\t<\/div>\n\t\t\t\t<\/div>\n\t\t\t\t<div class=\"elementor-element elementor-element-ad7ba1e elementor-widget elementor-widget-text-editor\" data-id=\"ad7ba1e\" data-element_type=\"widget\" data-widget_type=\"text-editor.default\">\n\t\t\t\t<div class=\"elementor-widget-container\">\n\t\t\t\t\t\t\t<p><strong>Sistema de transmisi\u00f3n \u00f3ptica:<\/strong> Proveedor l\u00edder de sistemas de transmisi\u00f3n \u00f3ptica. Estos sistemas son cruciales para la transmisi\u00f3n de datos de alta velocidad a largas distancias, particularmente en aplicaciones que requieren un gran ancho de banda y baja latencia.<\/p>\t\t\t\t\t\t<\/div>\n\t\t\t\t<\/div>\n\t\t\t\t<\/div>\n\t\t\t\t<\/div>\n\t\t","protected":false},"excerpt":{"rendered":"<p>Lumino Smart es m\u00e1s que un simple fabricante de conmutadores Ethernet; Somos un catalizador para un cambio positivo en el panorama tecnol\u00f3gico global. Nuestro compromiso con la innovaci\u00f3n, la sostenibilidad y las pr\u00e1cticas \u00e9ticas nos impulsa a crear productos que no solo satisfagan las demandas de las redes actuales sino que tambi\u00e9n contribuyan a un [&hellip;]<\/p>\n","protected":false},"author":1,"featured_media":0,"parent":0,"menu_order":0,"comment_status":"closed","ping_status":"open","template":"","meta":{"footnotes":""},"class_list":["post-2","page","type-page","status-publish","hentry"],"aioseo_notices":[],"_links":{"self":[{"href":"https:\/\/luminosmart.es\/index.php?rest_route=\/wp\/v2\/pages\/2"}],"collection":[{"href":"https:\/\/luminosmart.es\/index.php?rest_route=\/wp\/v2\/pages"}],"about":[{"href":"https:\/\/luminosmart.es\/index.php?rest_route=\/wp\/v2\/types\/page"}],"author":[{"embeddable":true,"href":"https:\/\/luminosmart.es\/index.php?rest_route=\/wp\/v2\/users\/1"}],"replies":[{"embeddable":true,"href":"https:\/\/luminosmart.es\/index.php?rest_route=%2Fwp%2Fv2%2Fcomments&post=2"}],"version-history":[{"count":18,"href":"https:\/\/luminosmart.es\/index.php?rest_route=\/wp\/v2\/pages\/2\/revisions"}],"predecessor-version":[{"id":128,"href":"https:\/\/luminosmart.es\/index.php?rest_route=\/wp\/v2\/pages\/2\/revisions\/128"}],"wp:attachment":[{"href":"https:\/\/luminosmart.es\/index.php?rest_route=%2Fwp%2Fv2%2Fmedia&parent=2"}],"curies":[{"name":"wp","href":"https:\/\/api.w.org\/{rel}","templated":true}]}}